{"id":66,"date":"2017-07-14T11:41:36","date_gmt":"2017-07-14T10:41:36","guid":{"rendered":"https:\/\/simone-schneider-med.de\/fas\/?page_id=66"},"modified":"2023-05-07T15:59:22","modified_gmt":"2023-05-07T14:59:22","slug":"galerie","status":"publish","type":"page","link":"https:\/\/simone-schneider-med.de\/fas\/galerie\/","title":{"rendered":"Galerie"},"content":{"rendered":"<section class=\"wpb-content-wrapper\"><p>[vc_row full_width=&#8220;stretch_row&#8220;][vc_column]<div id=\"sc_title_1013753643\"\r\n\t\tclass=\"sc_title color_style_default sc_title_default\"><h6 class=\"sc_item_subtitle sc_title_subtitle sc_align_center sc_item_title_style_default\">Machen Sie sich ein Bild von uns<\/h6><h3 class=\"sc_item_title sc_title_title sc_align_center sc_item_title_style_default\">Team & R\u00e4umlichkeiten<\/h3><div class=\"sc_item_descr sc_title_descr sc_align_center\"><p>Sollten Sie noch nicht bei uns gewesen sein, k\u00f6nnen Sie sich hier vorab einen kleinen Einblick in unsere R\u00e4umlichkeiten verschaffen und auch unser Team kennenlernen. Wie Sie unschwer erkennen k\u00f6nnen, sind wir t\u00e4glich mit Freude f\u00fcr Sie in unserer Praxis.<\/p>\n<\/div><\/div><!-- \/.sc_title -->[vc_empty_space height=&#8220;10px&#8220; alter_height=&#8220;none&#8220; hide_on_desktop=&#8220;&#8220; hide_on_notebook=&#8220;&#8220; hide_on_tablet=&#8220;&#8220; hide_on_mobile=&#8220;&#8220;][\/vc_column][\/vc_row][vc_row][vc_column][vc_masonry_media_grid style=&#8220;lazy&#8220; items_per_page=&#8220;6&#8243; item=&#8220;mediaGrid_ScaleInWithIcon&#8220; initial_loading_animation=&#8220;fadeIn&#8220; grid_id=&#8220;vc_gid:1683471552766-f6e10538-076d-9&#8243; include=&#8220;1379,1380,1381,1382,1383,1384,1385,1386,1387,1388,1389,1390,1391,1392,1393&#8243;][\/vc_column][\/vc_row]<\/p>\n<\/section>","protected":false},"excerpt":{"rendered":"<p>[vc_row full_width=&#8220;stretch_row&#8220;][vc_column][vc_empty_space height=&#8220;10px&#8220; alter_height=&#8220;none&#8220; hide_on_desktop=&#8220;&#8220; hide_on_notebook=&#8220;&#8220; hide_on_tablet=&#8220;&#8220; hide_on_mobile=&#8220;&#8220;][\/vc_column][\/vc_row][vc_row][vc_column][vc_masonry_media_grid style=&#8220;lazy&#8220; items_per_page=&#8220;6&#8243; item=&#8220;mediaGrid_ScaleInWithIcon&#8220; initial_loading_animation=&#8220;fadeIn&#8220; grid_id=&#8220;vc_gid:1683471552766-f6e10538-076d-9&#8243; include=&#8220;1379,1380,1381,1382,1383,1384,1385,1386,1387,1388,1389,1390,1391,1392,1393&#8243;][\/vc_column][\/vc_row]<\/p>\n","protected":false},"author":990002,"featured_media":0,"parent":0,"menu_order":0,"comment_status":"closed","ping_status":"closed","template":"","meta":[],"_links":{"self":[{"href":"https:\/\/simone-schneider-med.de\/fas\/wp-json\/wp\/v2\/pages\/66"}],"collection":[{"href":"https:\/\/simone-schneider-med.de\/fas\/wp-json\/wp\/v2\/pages"}],"about":[{"href":"https:\/\/simone-schneider-med.de\/fas\/wp-json\/wp\/v2\/types\/page"}],"author":[{"embeddable":true,"href":"https:\/\/simone-schneider-med.de\/fas\/wp-json\/wp\/v2\/users\/990002"}],"replies":[{"embeddable":true,"href":"https:\/\/simone-schneider-med.de\/fas\/wp-json\/wp\/v2\/comments?post=66"}],"version-history":[{"count":2,"href":"https:\/\/simone-schneider-med.de\/fas\/wp-json\/wp\/v2\/pages\/66\/revisions"}],"predecessor-version":[{"id":1832,"href":"https:\/\/simone-schneider-med.de\/fas\/wp-json\/wp\/v2\/pages\/66\/revisions\/1832"}],"wp:attachment":[{"href":"https:\/\/simone-schneider-med.de\/fas\/wp-json\/wp\/v2\/media?parent=66"}],"curies":[{"name":"wp","href":"https:\/\/api.w.org\/{rel}","templated":true}]}}